{"id":82657,"date":"2020-08-24T09:36:49","date_gmt":"2020-08-24T09:36:49","guid":{"rendered":"http:\/\/mikelzabalza.local\/?page_id=82657"},"modified":"2020-09-22T08:51:29","modified_gmt":"2020-09-22T08:51:29","slug":"zabalza-auzia","status":"publish","type":"page","link":"https:\/\/www.mikelzabalza.eus\/?page_id=82657&lang=es","title":{"rendered":"Caso Zabalza"},"content":{"rendered":"<div class=\"wpb-content-wrapper\"><p>[vc_row][vc_column width=&#8221;2\/3&#8243;][vc_single_image media=&#8221;82774&#8243; media_width_percent=&#8221;100&#8243; alignment=&#8221;center&#8221;][vc_separator][\/vc_column][vc_column width=&#8221;1\/3&#8243;][vc_column_text]<\/p>\n<p class=\"p1\"><span class=\"font-377884\">El 26 de noviembre de 1985, la Guardia Civil detiene en Donostia a Mikel Zabalza junto a su primo Manuel Bizkai. Tambi\u00e9n son arrestadas su compa\u00f1era sentimental Idoia Aierbe y Ion Arretxe. En Orbaizeta son detenidos los hermanos de Mikel Zabalza, Patxi y Aitor, que ser\u00e1n puestos en libertad 10 horas despu\u00e9s. A todos ellos se les aplica la Ley Antiterrorista, por lo que son incomunicados. Al d\u00eda siguiente se informa de que Mikel Zabalza ha desaparecido. La versi\u00f3n oficial dice que se ha escapado lanz\u00e1ndose al r\u00edo Bidasoa cuando este se dispon\u00eda a indicar a varios guardias civiles la localizaci\u00f3n de un zulo.<\/span><\/p>\n<p>[\/vc_column_text][vc_single_image media=&#8221;82777&#8243; media_width_percent=&#8221;100&#8243; alignment=&#8221;center&#8221;][\/vc_column][\/vc_row][vc_row][vc_column width=&#8221;1\/3&#8243;][vc_column_text]<\/p>\n<p class=\"p1\"><span class=\"font-377884\">Inmediatamente comenzar\u00f3n las labores de b\u00fasqueda, pero las esperanzas de encontrar a Mikel con vida se van desvaneciendo con el paso de los d\u00edas y con las informaciones que apuntalan la hip\u00f3tesis de que Zabalza ha muerto a consecuencia de las torturas sufridas en el cuartel de la Guardia Civil de Intxaurrondo. Comienzan a producirse las primeras movilizaciones y denuncias p\u00fablicas por parte de agentes pol\u00edticos y sociales, incluso el gobernador civil de Gipuzkoa, Julen Elorriaga, muestra su preocupaci\u00f3n por el caso Zabalza y tilda de \u201crocambolesca\u201d la versi\u00f3n policial.<\/span><\/p>\n<p>[\/vc_column_text][\/vc_column][vc_column width=&#8221;1\/3&#8243;][vc_single_image media=&#8221;82773&#8243; media_width_percent=&#8221;100&#8243; alignment=&#8221;center&#8221;][vc_separator][\/vc_column][vc_column width=&#8221;1\/3&#8243;][vc_column_text]<\/p>\n<p class=\"p1\"><span class=\"font-377884\">Los testimonios de quienes han sido detenidos junto a Mikel Zabalza avalan la versi\u00f3n de que Zabalza habr\u00eda muerto tras la aplicaci\u00f3n de la bolsa o la ba\u00f1era. Sin embargo, y pese a las numerosas contradicciones, la versi\u00f3n oficial se mantiene y el ministro de Interior Jose Barrionuevo se ve obligado a declarar que Mikel Zabalza acabar\u00e1 por aparecer. 20 d\u00edas despu\u00e9s de su desaparici\u00f3n, el 15 de diciembre, y en una zona que tan solo unas jornadas antes hab\u00eda sido rastreada intensamente por los buceadores de la Cruz Roja, aparece flotando el cuerpo de Mikel Zabalza ante una patrulla de la Guardia Civil.<\/span><\/p>\n<p>[\/vc_column_text][\/vc_column][\/vc_row][vc_row][vc_column width=&#8221;1\/3&#8243;][vc_column_text]<span class=\"font-377884\">Euskal Herria, conmocionada, arropa a la familia con una movilizaci\u00f3n social sin precendentes y protesta contundentemente ante lo que no dudan en calificar como un \u201casesinato de Estado\u201d.<\/span>[\/vc_column_text][vc_single_image media=&#8221;82776&#8243; media_width_percent=&#8221;100&#8243; alignment=&#8221;center&#8221;][\/vc_column][vc_column width=&#8221;1\/3&#8243;][vc_column_text]<span class=\"font-377884\">La dificultad para determinar las causas y circunstancias de la muerte de Mikel Zabalza, sumado a la desidia judicial y los obst\u00e1culos que quienes buscan la verdad se encuentran por parte de las autoridades espa\u00f1olas, hace que casi 35 a\u00f1os despu\u00e9s, no se haya juzgado a nadie como responsable de la muerte del vecino de Orbaitzeta ni que se conozca a ciencia cierta qu\u00e9 ocurri\u00f3.<\/span>[\/vc_column_text][\/vc_column][vc_column width=&#8221;1\/3&#8243;][vc_single_image media=&#8221;82775&#8243; media_width_percent=&#8221;100&#8243; alignment=&#8221;center&#8221;][\/vc_column][\/vc_row]<\/p>\n<\/div>","protected":false},"excerpt":{"rendered":"<p>[vc_row][vc_column width=&#8221;2\/3&#8243;][vc_single_image media=&#8221;82774&#8243; media_width_percent=&#8221;100&#8243; alignment=&#8221;center&#8221;][vc_separator][\/vc_column][vc_column width=&#8221;1\/3&#8243;][vc_column_text] El 26 de noviembre de 1985, la Guardia Civil detiene en Donostia a Mikel [&hellip;]<\/p>\n","protected":false},"author":1,"featured_media":0,"parent":0,"menu_order":0,"comment_status":"closed","ping_status":"closed","template":"","meta":{"footnotes":""},"class_list":["post-82657","page","type-page","status-publish","hentry"],"_links":{"self":[{"href":"https:\/\/www.mikelzabalza.eus\/index.php?rest_route=\/wp\/v2\/pages\/82657","targetHints":{"allow":["GET"]}}],"collection":[{"href":"https:\/\/www.mikelzabalza.eus\/index.php?rest_route=\/wp\/v2\/pages"}],"about":[{"href":"https:\/\/www.mikelzabalza.eus\/index.php?rest_route=\/wp\/v2\/types\/page"}],"author":[{"embeddable":true,"href":"https:\/\/www.mikelzabalza.eus\/index.php?rest_route=\/wp\/v2\/users\/1"}],"replies":[{"embeddable":true,"href":"https:\/\/www.mikelzabalza.eus\/index.php?rest_route=%2Fwp%2Fv2%2Fcomments&post=82657"}],"version-history":[{"count":27,"href":"https:\/\/www.mikelzabalza.eus\/index.php?rest_route=\/wp\/v2\/pages\/82657\/revisions"}],"predecessor-version":[{"id":83193,"href":"https:\/\/www.mikelzabalza.eus\/index.php?rest_route=\/wp\/v2\/pages\/82657\/revisions\/83193"}],"wp:attachment":[{"href":"https:\/\/www.mikelzabalza.eus\/index.php?rest_route=%2Fwp%2Fv2%2Fmedia&parent=82657"}],"curies":[{"name":"wp","href":"https:\/\/api.w.org\/{rel}","templated":true}]}}